{"id":440,"date":"2020-12-31T14:30:44","date_gmt":"2020-12-31T14:30:44","guid":{"rendered":"http:\/\/ms-schmitt.de\/?page_id=440"},"modified":"2021-01-05T15:43:58","modified_gmt":"2021-01-05T15:43:58","slug":"abwasserschaechte-2","status":"publish","type":"page","link":"https:\/\/ms-schmitt.de\/?page_id=440","title":{"rendered":"Stra\u00dfen Einlauf"},"content":{"rendered":"\n<p>Wir bieten Ihnen an den Stra\u00dfen Einlauf zu erneuern oder einzelne Teile wie z.B. den Korb, usw.. &nbsp;auszutauschen oder den Asphalt an den Schacht anzugleichen.<\/p>\n\n\n\n<p>Sanierungen von schadhafte Sch\u00e4chten (Gerinne, Wandung&#8230;) k\u00f6nnen in der Regel \u00e4hnlich wie bei der grabenlosen Kanalrohrsanierung ohne aufwendige Erd- und Stemmarbeiten saniert werden.<\/p>\n\n\n\n<figure class=\"wp-block-image size-large is-resized\"><img fetchpriority=\"high\" decoding=\"async\" src=\"https:\/\/ms-schmitt.de\/wp-content\/uploads\/2020\/12\/image2-rotated.jpeg\" alt=\"\" class=\"wp-image-441\" width=\"476\" height=\"846\" srcset=\"https:\/\/ms-schmitt.de\/wp-content\/uploads\/2020\/12\/image2-rotated.jpeg 360w, https:\/\/ms-schmitt.de\/wp-content\/uploads\/2020\/12\/image2-169x300.jpeg 169w\" sizes=\"(max-width: 476px) 100vw, 476px\" \/><\/figure>\n\n\n\n<figure class=\"wp-block-image size-large\"><img decoding=\"async\" width=\"480\" height=\"640\" src=\"https:\/\/ms-schmitt.de\/wp-content\/uploads\/2020\/12\/image3-rotated.jpeg\" alt=\"\" class=\"wp-image-442\" srcset=\"https:\/\/ms-schmitt.de\/wp-content\/uploads\/2020\/12\/image3-rotated.jpeg 480w, https:\/\/ms-schmitt.de\/wp-content\/uploads\/2020\/12\/image3-225x300.jpeg 225w\" sizes=\"(max-width: 480px) 100vw, 480px\" \/><\/figure>\n\n\n\n<figure class=\"wp-block-image size-large\"><img decoding=\"async\" width=\"480\" height=\"640\" src=\"https:\/\/ms-schmitt.de\/wp-content\/uploads\/2020\/12\/image4-rotated.jpeg\" alt=\"\" class=\"wp-image-443\" srcset=\"https:\/\/ms-schmitt.de\/wp-content\/uploads\/2020\/12\/image4-rotated.jpeg 480w, https:\/\/ms-schmitt.de\/wp-content\/uploads\/2020\/12\/image4-225x300.jpeg 225w\" sizes=\"(max-width: 480px) 100vw, 480px\" \/><\/figure>\n\n\n\n<figure class=\"wp-block-image size-large\"><img loading=\"lazy\" decoding=\"async\" width=\"480\" height=\"640\" src=\"https:\/\/ms-schmitt.de\/wp-content\/uploads\/2020\/12\/image5-rotated.jpeg\" alt=\"\" class=\"wp-image-444\" srcset=\"https:\/\/ms-schmitt.de\/wp-content\/uploads\/2020\/12\/image5-rotated.jpeg 480w, https:\/\/ms-schmitt.de\/wp-content\/uploads\/2020\/12\/image5-225x300.jpeg 225w\" sizes=\"(max-width: 480px) 100vw, 480px\" \/><\/figure>\n\n\n\n<figure class=\"wp-block-image size-large\"><img loading=\"lazy\" decoding=\"async\" width=\"480\" height=\"640\" src=\"https:\/\/ms-schmitt.de\/wp-content\/uploads\/2020\/12\/image6-rotated.jpeg\" alt=\"\" class=\"wp-image-445\" srcset=\"https:\/\/ms-schmitt.de\/wp-content\/uploads\/2020\/12\/image6-rotated.jpeg 480w, https:\/\/ms-schmitt.de\/wp-content\/uploads\/2020\/12\/image6-225x300.jpeg 225w\" sizes=\"(max-width: 480px) 100vw, 480px\" \/><\/figure>\n","protected":false},"excerpt":{"rendered":"<p>Wir bieten Ihnen an den Stra\u00dfen Einlauf zu erneuern oder einzelne Teile wie z.B. den Korb, usw.. &nbsp;auszutauschen oder den Asphalt an den Schacht anzugleichen. Sanierungen von schadhafte Sch\u00e4chten (Gerinne, Wandung&#8230;) k\u00f6nnen in der Regel \u00e4hnlich wie bei der grabenlosen Kanalrohrsanierung ohne aufwendige Erd- und Stemmarbeiten saniert werden.<\/p>\n","protected":false},"author":1,"featured_media":0,"parent":0,"menu_order":0,"comment_status":"closed","ping_status":"closed","template":"","meta":{"footnotes":""},"class_list":["post-440","page","type-page","status-publish","hentry"],"_links":{"self":[{"href":"https:\/\/ms-schmitt.de\/index.php?rest_route=\/wp\/v2\/pages\/440","targetHints":{"allow":["GET"]}}],"collection":[{"href":"https:\/\/ms-schmitt.de\/index.php?rest_route=\/wp\/v2\/pages"}],"about":[{"href":"https:\/\/ms-schmitt.de\/index.php?rest_route=\/wp\/v2\/types\/page"}],"author":[{"embeddable":true,"href":"https:\/\/ms-schmitt.de\/index.php?rest_route=\/wp\/v2\/users\/1"}],"replies":[{"embeddable":true,"href":"https:\/\/ms-schmitt.de\/index.php?rest_route=%2Fwp%2Fv2%2Fcomments&post=440"}],"version-history":[{"count":3,"href":"https:\/\/ms-schmitt.de\/index.php?rest_route=\/wp\/v2\/pages\/440\/revisions"}],"predecessor-version":[{"id":450,"href":"https:\/\/ms-schmitt.de\/index.php?rest_route=\/wp\/v2\/pages\/440\/revisions\/450"}],"wp:attachment":[{"href":"https:\/\/ms-schmitt.de\/index.php?rest_route=%2Fwp%2Fv2%2Fmedia&parent=440"}],"curies":[{"name":"wp","href":"https:\/\/api.w.org\/{rel}","templated":true}]}}