{"id":75,"date":"2020-02-03T20:38:20","date_gmt":"2020-02-03T20:38:20","guid":{"rendered":"http:\/\/ms-schmitt.de\/?page_id=75"},"modified":"2024-08-29T09:34:58","modified_gmt":"2024-08-29T09:34:58","slug":"datenschutzerklaerung","status":"publish","type":"page","link":"https:\/\/ms-schmitt.de\/?page_id=75","title":{"rendered":"Datenschutzerkl\u00e4rung"},"content":{"rendered":"\n<p>1. Datenschutz auf einen Blick<\/p>\n\n\n\n<p>Allgemeine Hinweise<\/p>\n\n\n\n<p>Die folgenden Hinweise geben einen einfachen \u00dcberblick\ndar\u00fcber, was mit Ihren personenbezogenen Daten passiert, wenn Sie unsere\nWebsite besuchen. Personenbezogene Daten sind alle Daten, mit denen Sie\npers\u00f6nlich identifiziert werden k\u00f6nnen. Ausf\u00fchrliche Informationen zum Thema\nDatenschutz entnehmen Sie unserer unter diesem Text aufgef\u00fchrten\nDatenschutzerkl\u00e4rung.<\/p>\n\n\n\n<p>Datenerfassung auf unserer Website<\/p>\n\n\n\n<p>Wer ist verantwortlich f\u00fcr die Datenerfassung auf dieser\nWebsite?<\/p>\n\n\n\n<p>Die Datenverarbeitung auf dieser Website erfolgt durch den\nWebsitebetreiber. Dessen Kontaktdaten k\u00f6nnen Sie dem Impressum dieser Website\nentnehmen.<\/p>\n\n\n\n<p>Wie erfassen wir Ihre Daten?<\/p>\n\n\n\n<p>Ihre Daten werden zum einen dadurch erhoben, dass Sie uns\ndiese mitteilen. Hierbei kann es sich z.B. um Daten handeln, die Sie in ein\nKontaktformular eingeben.<\/p>\n\n\n\n<p>Andere Daten werden automatisch beim Besuch der Website\ndurch unsere IT-Systeme erfasst. Das sind vor allem technische Daten (z.B.\nInternetbrowser, Betriebssystem oder Uhrzeit des Seitenaufrufs). Die Erfassung\ndieser Daten erfolgt automatisch, sobald Sie unsere Website betreten.<\/p>\n\n\n\n<p>Wof\u00fcr nutzen wir Ihre Daten?<\/p>\n\n\n\n<p>Ein Teil der Daten wird erhoben, um eine fehlerfreie\nBereitstellung der Website zu gew\u00e4hrleisten. Andere Daten k\u00f6nnen zur Analyse\nIhres Nutzerverhaltens verwendet werden.<\/p>\n\n\n\n<p>Welche Rechte haben Sie bez\u00fcglich Ihrer Daten?<\/p>\n\n\n\n<p>Sie haben jederzeit das Recht unentgeltlich Auskunft \u00fcber\nHerkunft, Empf\u00e4nger und Zweck Ihrer gespeicherten personenbezogenen Daten zu\nerhalten. Sie haben au\u00dferdem ein Recht, die Berichtigung, Sperrung oder\nL\u00f6schung dieser Daten zu verlangen. Hierzu sowie zu weiteren Fragen zum Thema\nDatenschutz k\u00f6nnen Sie sich jederzeit unter der im Impressum angegebenen\nAdresse an uns wenden. Des Weiteren steht Ihnen ein Beschwerderecht bei der\nzust\u00e4ndigen Aufsichtsbeh\u00f6rde zu.<\/p>\n\n\n\n<p>Analyse-Tools und Tools von Drittanbietern<\/p>\n\n\n\n<p>Beim Besuch unserer Website kann Ihr Surf-Verhalten\nstatistisch ausgewertet werden. Das geschieht vor allem mit Cookies und mit\nsogenannten Analyseprogrammen. Die Analyse Ihres Surf-Verhaltens erfolgt in der\nRegel anonym; das Surf-Verhalten kann nicht zu Ihnen zur\u00fcckverfolgt werden. Sie\nk\u00f6nnen dieser Analyse widersprechen oder sie durch die Nichtbenutzung\nbestimmter Tools verhindern. Detaillierte Informationen dazu finden Sie in der\nfolgenden Datenschutzerkl\u00e4rung.<\/p>\n\n\n\n<p>Sie k\u00f6nnen dieser Analyse widersprechen. \u00dcber die\nWiderspruchsm\u00f6glichkeiten werden wir Sie in dieser Datenschutzerkl\u00e4rung\ninformieren.<\/p>\n\n\n\n<p>2. Allgemeine Hinweise und Pflichtinformationen<\/p>\n\n\n\n<p>Datenschutz<\/p>\n\n\n\n<p>Die Betreiber dieser Seiten nehmen den Schutz Ihrer\npers\u00f6nlichen Daten sehr ernst. Wir behandeln Ihre personenbezogenen Daten\nvertraulich und entsprechend der gesetzlichen Datenschutzvorschriften sowie\ndieser Datenschutzerkl\u00e4rung.<\/p>\n\n\n\n<p>Wenn Sie diese Website benutzen, werden verschiedene\npersonenbezogene Daten erhoben. Personenbezogene Daten sind Daten, mit denen\nSie pers\u00f6nlich identifiziert werden k\u00f6nnen. Die vorliegende\nDatenschutzerkl\u00e4rung erl\u00e4utert, welche Daten wir erheben und wof\u00fcr wir sie\nnutzen. Sie erl\u00e4utert auch, wie und zu welchem Zweck das geschieht.<\/p>\n\n\n\n<p>Wir weisen darauf hin, dass die Daten\u00fcbertragung im Internet\n(z.B. bei der Kommunikation per E-Mail) Sicherheitsl\u00fccken aufweisen kann. Ein\nl\u00fcckenloser Schutz der Daten vor dem Zugriff durch Dritte ist nicht m\u00f6glich.<\/p>\n\n\n\n<p>Hinweis zur verantwortlichen Stelle<\/p>\n\n\n\n<p>Die verantwortliche Stelle f\u00fcr die Datenverarbeitung auf\ndieser Website ist:<\/p>\n\n\n\n<p>Michael Schmitt <\/p>\n\n\n\n<p>Am Kreuz 12<\/p>\n\n\n\n<p>66871 Etschberg<\/p>\n\n\n\n<p>Mobil 0151 &#8211; 42 42 42 70<\/p>\n\n\n\n<p>E-Mail: info@ms-schmitt.de<\/p>\n\n\n\n<p>Verantwortliche Stelle ist die nat\u00fcrliche oder juristische\nPerson, die allein oder gemeinsam mit anderen \u00fcber die Zwecke und Mittel der\nVerarbeitung von personenbezogenen Daten (z.B. Namen, E-Mail-Adressen o. \u00c4.)\nentscheidet.<\/p>\n\n\n\n<p>Widerruf Ihrer Einwilligung zur Datenverarbeitung<\/p>\n\n\n\n<p>Viele Datenverarbeitungsvorg\u00e4nge sind nur mit Ihrer\nausdr\u00fccklichen Einwilligung m\u00f6glich. Sie k\u00f6nnen eine bereits erteilte\nEinwilligung jederzeit widerrufen. Dazu reicht eine formlose Mitteilung per\nE-Mail an uns. Die Rechtm\u00e4\u00dfigkeit der bis zum Widerruf erfolgten\nDatenverarbeitung bleibt vom Widerruf unber\u00fchrt.<\/p>\n\n\n\n<p>Beschwerderecht bei der zust\u00e4ndigen Aufsichtsbeh\u00f6rde<\/p>\n\n\n\n<p>Im Falle datenschutzrechtlicher Verst\u00f6\u00dfe steht dem\nBetroffenen ein Beschwerderecht bei der zust\u00e4ndigen Aufsichtsbeh\u00f6rde zu.\nZust\u00e4ndige Aufsichtsbeh\u00f6rde in datenschutzrechtlichen Fragen ist der\nLandesdatenschutzbeauftragte des Bundeslandes, in dem unser Unternehmen seinen\nSitz hat. Eine Liste der Datenschutzbeauftragten sowie deren Kontaktdaten k\u00f6nnen\nfolgendem Link entnommen werden:\nhttps:\/\/www.bfdi.bund.de\/DE\/Infothek\/Anschriften_Links\/anschriften_links-node.html.<\/p>\n\n\n\n<p>SSL- bzw. TLS-Verschl\u00fcsselung<\/p>\n\n\n\n<p>Diese Seite nutzt aus Sicherheitsgr\u00fcnden und zum Schutz der\n\u00dcbertragung vertraulicher Inhalte, wie zum Beispiel Bestellungen oder Anfragen,\ndie Sie an uns als Seitenbetreiber senden, eine SSL-bzw. TLS-Verschl\u00fcsselung.\nEine verschl\u00fcsselte Verbindung erkennen Sie daran, dass die Adresszeile des\nBrowsers von &#8222;http:\/\/&#8220; auf &#8222;https:\/\/&#8220; wechselt und an dem\nSchloss-Symbol in Ihrer Browserzeile.<\/p>\n\n\n\n<p>Wenn die SSL- bzw. TLS-Verschl\u00fcsselung aktiviert ist, k\u00f6nnen\ndie Daten, die Sie an uns \u00fcbermitteln, nicht von Dritten mitgelesen werden.<\/p>\n\n\n\n<p>Auskunft, Sperrung, L\u00f6schung<\/p>\n\n\n\n<p>Sie haben im Rahmen der geltenden gesetzlichen Bestimmungen\njederzeit das Recht auf unentgeltliche Auskunft \u00fcber Ihre gespeicherten\npersonenbezogenen Daten, deren Herkunft und Empf\u00e4nger und den Zweck der\nDatenverarbeitung und ggf. ein Recht auf Berichtigung, Sperrung oder L\u00f6schung\ndieser Daten. Hierzu sowie zu weiteren Fragen zum Thema personenbezogene Daten\nk\u00f6nnen Sie sich jederzeit unter der im Impressum angegebenen Adresse an uns\nwenden.<\/p>\n\n\n\n<p>Widerspruch gegen Werbe-Mails<\/p>\n\n\n\n<p>Der Nutzung von im Rahmen der Impressumspflicht\nver\u00f6ffentlichten Kontaktdaten zur \u00dcbersendung von nicht ausdr\u00fccklich\nangeforderter Werbung und Informationsmaterialien wird hiermit widersprochen.\nDie Betreiber der Seiten behalten sich ausdr\u00fccklich rechtliche Schritte im\nFalle der unverlangten Zusendung von Werbeinformationen, etwa durch Spam-E-Mails,\nvor.<\/p>\n\n\n\n<p>3. Datenerfassung auf unserer Website<\/p>\n\n\n\n<p>Cookies<\/p>\n\n\n\n<p>Die Internetseiten verwenden teilweise so genannte Cookies.\nCookies richten auf Ihrem Rechner keinen Schaden an und enthalten keine Viren.\nCookies dienen dazu, unser Angebot nutzerfreundlicher, effektiver und sicherer\nzu machen. Cookies sind kleine Textdateien, die auf Ihrem Rechner abgelegt\nwerden und die Ihr Browser speichert.<\/p>\n\n\n\n<p>Die meisten der von uns verwendeten Cookies sind so genannte\n&#8222;Session-Cookies&#8220;. Sie werden nach Ende Ihres Besuchs automatisch\ngel\u00f6scht. Andere Cookies bleiben auf Ihrem Endger\u00e4t gespeichert bis Sie diese\nl\u00f6schen. Diese Cookies erm\u00f6glichen es uns, Ihren Browser beim n\u00e4chsten Besuch\nwiederzuerkennen.<\/p>\n\n\n\n<p>Sie k\u00f6nnen Ihren Browser so einstellen, dass Sie \u00fcber das\nSetzen von Cookies informiert werden und Cookies nur im Einzelfall erlauben,\ndie Annahme von Cookies f\u00fcr bestimmte F\u00e4lle oder generell ausschlie\u00dfen sowie\ndas automatische L\u00f6schen der Cookies beim Schlie\u00dfen des Browser aktivieren. Bei\nder Deaktivierung von Cookies kann die Funktionalit\u00e4t dieser Website\neingeschr\u00e4nkt sein.<\/p>\n\n\n\n<p>Cookies, die zur Durchf\u00fchrung des elektronischen\nKommunikationsvorgangs oder zur Bereitstellung bestimmter, von Ihnen\nerw\u00fcnschter Funktionen (z.B. Warenkorbfunktion) erforderlich sind, werden auf\nGrundlage von Art. 6 Abs. 1 lit. f DSGVO gespeichert. Der Websitebetreiber hat\nein berechtigtes Interesse an der Speicherung von Cookies zur technisch\nfehlerfreien und optimierten Bereitstellung seiner Dienste. Soweit andere\nCookies (z.B. Cookies zur Analyse Ihres Surfverhaltens) gespeichert werden,\nwerden diese in dieser Datenschutzerkl\u00e4rung gesondert behandelt.<\/p>\n\n\n\n<p>Server-Log-Dateien<\/p>\n\n\n\n<p>Der Provider der Seiten erhebt und speichert automatisch\nInformationen in so genannten Server-Log-Dateien, die Ihr Browser automatisch\nan uns \u00fcbermittelt. Dies sind:<\/p>\n\n\n\n<p>&nbsp;&nbsp;&nbsp; Browsertyp und\nBrowserversion<\/p>\n\n\n\n<p>&nbsp;&nbsp;&nbsp; verwendetes\nBetriebssystem<\/p>\n\n\n\n<p>&nbsp;&nbsp;&nbsp; Referrer URL<\/p>\n\n\n\n<p>&nbsp;&nbsp;&nbsp; Hostname des\nzugreifenden Rechners<\/p>\n\n\n\n<p>&nbsp;&nbsp;&nbsp; Uhrzeit der\nServeranfrage<\/p>\n\n\n\n<p>&nbsp;&nbsp;&nbsp; IP-Adresse<\/p>\n\n\n\n<p>Eine Zusammenf\u00fchrung dieser Daten mit anderen Datenquellen wird\nnicht vorgenommen.<\/p>\n\n\n\n<p>Grundlage f\u00fcr die Datenverarbeitung ist Art. 6 Abs. 1 lit. f\nDSGVO, der die Verarbeitung von Daten zur Erf\u00fcllung eines Vertrags oder\nvorvertraglicher Ma\u00dfnahmen gestattet.<\/p>\n\n\n\n<p>Kontaktformular<\/p>\n\n\n\n<p>Wenn Sie uns per Kontaktformular Anfragen zukommen lassen,\nwerden Ihre Angaben aus dem Anfrageformular inklusive der von Ihnen dort\nangegebenen Kontaktdaten zwecks Bearbeitung der Anfrage und f\u00fcr den Fall von\nAnschlussfragen bei uns gespeichert. Diese Daten geben wir nicht ohne Ihre\nEinwilligung weiter.<\/p>\n\n\n\n<p>Die Verarbeitung der in das Kontaktformular eingegebenen\nDaten erfolgt somit ausschlie\u00dflich auf Grundlage Ihrer Einwilligung (Art. 6\nAbs. 1 lit. a DSGVO). Sie k\u00f6nnen diese Einwilligung jederzeit widerrufen. Dazu\nreicht eine formlose Mitteilung per E-Mail an uns. Die Rechtm\u00e4\u00dfigkeit der bis\nzum Widerruf erfolgten Datenverarbeitungsvorg\u00e4nge bleibt vom Widerruf\nunber\u00fchrt.<\/p>\n\n\n\n<p>Die von Ihnen im Kontaktformular eingegebenen Daten\nverbleiben bei uns, bis Sie uns zur L\u00f6schung auffordern, Ihre Einwilligung zur\nSpeicherung widerrufen oder der Zweck f\u00fcr die Datenspeicherung entf\u00e4llt (z.B.\nnach abgeschlossener Bearbeitung Ihrer Anfrage). Zwingende gesetzliche\nBestimmungen &#8211; insbesondere Aufbewahrungsfristen &#8211; bleiben unber\u00fchrt.<\/p>\n\n\n\n<p>4. Soziale Medien<\/p>\n\n\n\n<p>Inhalte teilen \u00fcber Plugins (Facebook, Google+1, Twitter\n&amp; Co.)<\/p>\n\n\n\n<p>Die Inhalte auf unseren Seiten k\u00f6nnen datenschutzkonform in\nsozialen Netzwerken wie Facebook, Twitter oder Google+ geteilt werden. Diese\nSeite nutzt daf\u00fcr das eRecht24 Safe Sharing Tool. Dieses Tool stellt den direkten\nKontakt zwischen den Netzwerken und Nutzern erst dann her, wenn der Nutzer\naktiv auf einen dieser Button klickt.<\/p>\n\n\n\n<p>Eine automatische \u00dcbertragung von Nutzerdaten an die\nBetreiber dieser Plattformen erfolgt durch dieses Tool nicht. Ist der Nutzer\nbei einem der sozialen Netzwerke angemeldet, erscheint bei der Nutzung der\nSocial-Buttons von Facebook, Google+1, Twitter &amp; Co. ein\nInformations-Fenster, in dem der Nutzer den Text vor dem Absenden best\u00e4tigen\nkann.<\/p>\n\n\n\n<p>Unsere Nutzer k\u00f6nnen die Inhalte dieser Seite\ndatenschutzkonform in sozialen Netzwerken teilen, ohne dass komplette\nSurf-Profile durch die Betreiber der Netzwerke erstellt werden.<\/p>\n\n\n\n<p>5. Analyse Tools und Werbung<\/p>\n\n\n\n<p>Google Analytics<\/p>\n\n\n\n<p>Diese Website nutzt Funktionen des Webanalysedienstes Google\nAnalytics. Anbieter ist die\nGoogle Inc., 1600 Amphitheatre Parkway, Mountain View, CA 94043, USA.<\/p>\n\n\n\n<p>Google Analytics verwendet so genannte &#8222;Cookies&#8220;.\nDas sind Textdateien, die auf Ihrem Computer gespeichert werden und die eine\nAnalyse der Benutzung der Website durch Sie erm\u00f6glichen. Die durch den Cookie\nerzeugten Informationen \u00fcber Ihre Benutzung dieser Website werden in der Regel\nan einen Server von Google in den USA \u00fcbertragen und dort gespeichert.<\/p>\n\n\n\n<p>Die Speicherung von Google-Analytics-Cookies erfolgt auf\nGrundlage von Art. 6 Abs. 1 lit. f DSGVO. Der Websitebetreiber hat ein\nberechtigtes Interesse an der Analyse des Nutzerverhaltens, um sowohl sein\nWebangebot als auch seine Werbung zu optimieren.<\/p>\n\n\n\n<p>IP Anonymisierung<\/p>\n\n\n\n<p>Wir haben auf dieser Website die Funktion IP-Anonymisierung\naktiviert. Dadurch wird Ihre IP-Adresse von Google innerhalb von\nMitgliedstaaten der Europ\u00e4ischen Union oder in anderen Vertragsstaaten des\nAbkommens \u00fcber den Europ\u00e4ischen Wirtschaftsraum vor der \u00dcbermittlung in die USA\ngek\u00fcrzt. Nur in Ausnahmef\u00e4llen wird die volle IP-Adresse an einen Server von\nGoogle in den USA \u00fcbertragen und dort gek\u00fcrzt. Im Auftrag des Betreibers dieser\nWebsite wird Google diese Informationen benutzen, um Ihre Nutzung der Website\nauszuwerten, um Reports \u00fcber die Websiteaktivit\u00e4ten zusammenzustellen und um\nweitere mit der Websitenutzung und der Internetnutzung verbundene\nDienstleistungen gegen\u00fcber dem Websitebetreiber zu erbringen. Die im Rahmen von\nGoogle Analytics von Ihrem Browser \u00fcbermittelte IP-Adresse wird nicht mit\nanderen Daten von Google zusammengef\u00fchrt.<\/p>\n\n\n\n<p>Browser Plugin<\/p>\n\n\n\n<p>Sie k\u00f6nnen die Speicherung der Cookies durch eine\nentsprechende Einstellung Ihrer Browser-Software verhindern; wir weisen Sie\njedoch darauf hin, dass Sie in diesem Fall gegebenenfalls nicht s\u00e4mtliche\nFunktionen dieser Website vollumf\u00e4nglich werden nutzen k\u00f6nnen. Sie k\u00f6nnen\ndar\u00fcber hinaus die Erfassung der durch den Cookie erzeugten und auf Ihre\nNutzung der Website bezogenen Daten (inkl. Ihrer IP-Adresse) an Google sowie\ndie Verarbeitung dieser Daten durch Google verhindern, indem Sie das unter dem\nfolgenden Link verf\u00fcgbare Browser-Plugin herunterladen und installieren:\nhttps:\/\/tools.google.com\/dlpage\/gaoptout?hl=de.<\/p>\n\n\n\n<p>Widerspruch gegen Datenerfassung<\/p>\n\n\n\n<p>Sie k\u00f6nnen die Erfassung Ihrer Daten durch Google Analytics\nverhindern, indem Sie auf folgenden Link klicken. Es wird ein Opt-Out-Cookie\ngesetzt, der die Erfassung Ihrer Daten bei zuk\u00fcnftigen Besuchen dieser Website\nverhindert: Google Analytics deaktivieren.<\/p>\n\n\n\n<p>Mehr Informationen zum Umgang mit Nutzerdaten bei Google\nAnalytics finden Sie in der Datenschutzerkl\u00e4rung von Google:\nhttps:\/\/support.google.com\/analytics\/answer\/6004245?hl=de.<\/p>\n\n\n\n<p>Auftragsdatenverarbeitung<\/p>\n\n\n\n<p>Wir haben mit Google einen Vertrag zur Auftragsdatenverarbeitung\nabgeschlossen und setzen die strengen Vorgaben der deutschen\nDatenschutzbeh\u00f6rden bei der Nutzung von Google Analytics vollst\u00e4ndig um.<\/p>\n\n\n\n<p>Demografische Merkmale bei Google Analytics<\/p>\n\n\n\n<p>Diese Website nutzt die Funktion &#8222;demografische\nMerkmale&#8220; von Google Analytics. Dadurch k\u00f6nnen Berichte erstellt werden,\ndie Aussagen zu Alter, Geschlecht und Interessen der Seitenbesucher enthalten.\nDiese Daten stammen aus interessenbezogener Werbung von Google sowie aus\nBesucherdaten von Drittanbietern. Diese Daten k\u00f6nnen keiner bestimmten Person\nzugeordnet werden. Sie k\u00f6nnen diese Funktion jederzeit \u00fcber die\nAnzeigeneinstellungen in Ihrem Google-Konto deaktivieren oder die Erfassung\nIhrer Daten durch Google Analytics wie im Punkt &#8222;Widerspruch gegen\nDatenerfassung&#8220; dargestellt generell untersagen.<\/p>\n\n\n\n<p>Google\nAdWords und Google Conversion-Tracking<\/p>\n\n\n\n<p>Diese Website verwendet Google AdWords. AdWords ist ein Online-Werbeprogramm der Google\nInc., 1600 Amphitheatre Parkway, Mountain View, CA 94043, United States\n(&#8222;Google&#8220;).<\/p>\n\n\n\n<p>Im Rahmen von Google AdWords nutzen wir das so genannte\nConversion-Tracking. Wenn Sie auf eine von Google geschaltete Anzeige klicken\nwird ein Cookie f\u00fcr das Conversion-Tracking gesetzt. Bei Cookies handelt es\nsich um kleine Textdateien, die der Internet-Browser auf dem Computer des\nNutzers ablegt. Diese Cookies verlieren nach 30 Tagen ihre G\u00fcltigkeit und\ndienen nicht der pers\u00f6nlichen Identifizierung der Nutzer. Besucht der Nutzer\nbestimmte Seiten dieser Website und das Cookie ist noch nicht abgelaufen,\nk\u00f6nnen Google und wir erkennen, dass der Nutzer auf die Anzeige geklickt hat\nund zu dieser Seite weitergeleitet wurde.<\/p>\n\n\n\n<p>Jeder Google AdWords-Kunde erh\u00e4lt ein anderes Cookie. Die\nCookies k\u00f6nnen nicht \u00fcber die Websites von AdWords-Kunden nachverfolgt werden.\nDie mithilfe des Conversion-Cookies eingeholten Informationen dienen dazu,\nConversion-Statistiken f\u00fcr AdWords-Kunden zu erstellen, die sich f\u00fcr\nConversion-Tracking entschieden haben. Die Kunden erfahren die Gesamtanzahl der\nNutzer, die auf ihre Anzeige geklickt haben und zu einer mit einem\nConversion-Tracking-Tag versehenen Seite weitergeleitet wurden. Sie erhalten\njedoch keine Informationen, mit denen sich Nutzer pers\u00f6nlich identifizieren\nlassen. Wenn Sie nicht am Tracking teilnehmen m\u00f6chten, k\u00f6nnen Sie dieser Nutzung\nwidersprechen, indem Sie das Cookie des Google Conversion-Trackings \u00fcber ihren\nInternet-Browser unter Nutzereinstellungen leicht deaktivieren. Sie werden\nsodann nicht in die Conversion-Tracking Statistiken aufgenommen.<\/p>\n\n\n\n<p>Die Speicherung von &#8222;Conversion-Cookies&#8220; erfolgt\nauf Grundlage von Art. 6 Abs. 1 lit. f DSGVO. Der Websitebetreiber hat ein\nberechtigtes Interesse an der Analyse des Nutzerverhaltens, um sowohl sein\nWebangebot als auch seine Werbung zu optimieren.<\/p>\n\n\n\n<p>Mehr Informationen zu Google AdWords und Google\nConversion-Tracking finden Sie in den Datenschutzbestimmungen von Google:\nhttps:\/\/www.google.de\/policies\/privacy\/.<\/p>\n\n\n\n<p>Sie k\u00f6nnen Ihren Browser so einstellen, dass Sie \u00fcber das\nSetzen von Cookies informiert werden und Cookies nur im Einzelfall erlauben,\ndie Annahme von Cookies f\u00fcr bestimmte F\u00e4lle oder generell ausschlie\u00dfen sowie\ndas automatische L\u00f6schen der Cookies beim Schlie\u00dfen des Browser aktivieren. Bei\nder Deaktivierung von Cookies kann die Funktionalit\u00e4t dieser Website\neingeschr\u00e4nkt sein.<\/p>\n\n\n\n<p>6. Plugins und Tools<\/p>\n\n\n\n<p>Google Web Fonts<\/p>\n\n\n\n<p>Diese Seite nutzt zur einheitlichen Darstellung von\nSchriftarten so genannte Web Fonts, die von Google bereitgestellt werden. Beim\nAufruf einer Seite l\u00e4dt Ihr Browser die ben\u00f6tigten Web Fonts in ihren\nBrowsercache, um Texte und Schriftarten korrekt anzuzeigen.<\/p>\n\n\n\n<p>Zu diesem Zweck muss der von Ihnen verwendete Browser\nVerbindung zu den Servern von Google aufnehmen. Hierdurch erlangt Google\nKenntnis dar\u00fcber, dass \u00fcber Ihre IP-Adresse unsere Website aufgerufen wurde.\nDie Nutzung von Google Web Fonts erfolgt im Interesse einer einheitlichen und\nansprechenden Darstellung unserer Online-Angebote. Dies stellt ein berechtigtes\nInteresse im Sinne von Art. 6 Abs. 1 lit. f DSGVO dar.<\/p>\n\n\n\n<p>Wenn Ihr Browser Web Fonts nicht unterst\u00fctzt, wird eine\nStandardschrift von Ihrem Computer genutzt.<\/p>\n\n\n\n<p>Weitere Informationen zu Google Web Fonts finden Sie unter\nhttps:\/\/developers.google.com\/fonts\/faq und in der Datenschutzerkl\u00e4rung von\nGoogle: https:\/\/www.google.com\/policies\/privacy\/.<\/p>\n","protected":false},"excerpt":{"rendered":"<p>1. Datenschutz auf einen Blick Allgemeine Hinweise Die folgenden Hinweise geben einen einfachen \u00dcberblick dar\u00fcber, was mit Ihren personenbezogenen Daten passiert, wenn Sie unsere Website besuchen. Personenbezogene Daten sind alle Daten, mit denen Sie pers\u00f6nlich identifiziert werden k\u00f6nnen. Ausf\u00fchrliche Informationen zum Thema Datenschutz entnehmen Sie unserer unter diesem Text aufgef\u00fchrten Datenschutzerkl\u00e4rung. Datenerfassung auf unserer Website [&hellip;]<\/p>\n","protected":false},"author":1,"featured_media":0,"parent":0,"menu_order":0,"comment_status":"closed","ping_status":"closed","template":"","meta":{"footnotes":""},"class_list":["post-75","page","type-page","status-publish","hentry"],"_links":{"self":[{"href":"https:\/\/ms-schmitt.de\/index.php?rest_route=\/wp\/v2\/pages\/75","targetHints":{"allow":["GET"]}}],"collection":[{"href":"https:\/\/ms-schmitt.de\/index.php?rest_route=\/wp\/v2\/pages"}],"about":[{"href":"https:\/\/ms-schmitt.de\/index.php?rest_route=\/wp\/v2\/types\/page"}],"author":[{"embeddable":true,"href":"https:\/\/ms-schmitt.de\/index.php?rest_route=\/wp\/v2\/users\/1"}],"replies":[{"embeddable":true,"href":"https:\/\/ms-schmitt.de\/index.php?rest_route=%2Fwp%2Fv2%2Fcomments&post=75"}],"version-history":[{"count":8,"href":"https:\/\/ms-schmitt.de\/index.php?rest_route=\/wp\/v2\/pages\/75\/revisions"}],"predecessor-version":[{"id":1120,"href":"https:\/\/ms-schmitt.de\/index.php?rest_route=\/wp\/v2\/pages\/75\/revisions\/1120"}],"wp:attachment":[{"href":"https:\/\/ms-schmitt.de\/index.php?rest_route=%2Fwp%2Fv2%2Fmedia&parent=75"}],"curies":[{"name":"wp","href":"https:\/\/api.w.org\/{rel}","templated":true}]}}